{"id":8,"date":"2020-10-27T09:43:07","date_gmt":"2020-10-27T08:43:07","guid":{"rendered":"https:\/\/clubphotobroceliande261554338.wordpress.com\/?page_id=8"},"modified":"2023-04-01T17:29:09","modified_gmt":"2023-04-01T15:29:09","slug":"contact","status":"publish","type":"page","link":"https:\/\/www.club-photo-broceliande.com\/index.php\/contact\/","title":{"rendered":"Contact"},"content":{"rendered":"\n<p class=\"has-text-align-left\">Si vous pratiquez la photo num\u00e9rique et que vous souhaitez \u00e9changer, progresser avec d\u2019autres amateurs de la photo, vous pouvez nous contacter.<\/p>\n\n\n\n<p><\/p>\n\n\n\n<p>Mairie, Avenue de la Lib\u00e9ration, 35580 Pl\u00e9lan-le-Grand<\/p>\n\n\n\n<p><\/p>\n\n\n\n<div style=\"height:42px\" aria-hidden=\"true\" class=\"wp-block-spacer desktop-only\"><\/div>\n\n\n\n<div class=\"wp-block-columns alignwide has-2-columns is-layout-flex wp-container-core-columns-is-layout-28f84493 wp-block-columns-is-layout-flex\">\n<div class=\"wp-block-column is-vertically-aligned-top is-layout-flow wp-block-column-is-layout-flow\">\n<h2 class=\"wp-block-heading has-text-align-center\">Envoyez-nous un message<\/h2>\n<\/div>\n<\/div>\n\n\n\n<div class=\"wp-block-uagb-forms uagb-forms__outer-wrap uagb-block-cde046f1 uagb-forms__medium-btn\"><form class=\"uagb-forms-main-form\" method=\"post\" autocomplete=\"on\" name=\"uagb-form-cde046f1\">\n<div class=\"wp-block-uagb-forms-name uagb-forms-name-wrap uagb-forms-field-set uagb-block-1de908de\"><div class=\"uagb-forms-name-label obligatoire uagb-forms-input-label\" id=\"1de908de\">Pr\u00e9nom<\/div><input type=\"text\" placeholder=\"John\" required class=\"uagb-forms-name-input uagb-forms-input\" name=\"1de908de\" autocomplete=\"given-name\"\/><\/div>\n\n\n\n<div class=\"wp-block-uagb-forms-name uagb-forms-name-wrap uagb-forms-field-set uagb-block-2cba54b8\"><div class=\"uagb-forms-name-label obligatoire uagb-forms-input-label\" id=\"2cba54b8\">Nom de Famille<\/div><input type=\"text\" placeholder=\"Doe\" required class=\"uagb-forms-name-input uagb-forms-input\" name=\"2cba54b8\" autocomplete=\"family-name\"\/><\/div>\n\n\n\n<div class=\"wp-block-uagb-forms-email uagb-forms-email-wrap uagb-forms-field-set uagb-block-0dd5e558\"><div class=\"uagb-forms-email-label obligatoire uagb-forms-input-label\" id=\"0dd5e558\">E-mail<\/div><input type=\"email\" class=\"uagb-forms-email-input uagb-forms-input\" placeholder=\"exemple@mail.com\" required name=\"0dd5e558\" autocomplete=\"email\"\/><\/div>\n\n\n\n<div class=\"wp-block-uagb-forms-textarea uagb-forms-textarea-wrap uagb-forms-field-set uagb-block-0d85a7d8\"><div class=\"uagb-forms-textarea-label obligatoire uagb-forms-input-label\" id=\"0d85a7d8\">Message<\/div><textarea required class=\"uagb-forms-textarea-input uagb-forms-input\" rows=\"4\" placeholder=\"Saisissez votre message\" name=\"0d85a7d8\" autocomplete=\"off\"><\/textarea><\/div>\n<div class=\"uagb-forms-form-hidden-data\"><input type=\"hidden\" class=\"uagb_forms_form_label\" value=\"Formulaire Spectra\"\/><input type=\"hidden\" class=\"uagb_forms_form_id\" value=\"uagb-form-cde046f1\"\/><\/div><div class=\"uagb-form-reacaptcha-error-cde046f1\"><\/div><div class=\"uagb-forms-main-submit-button-wrap wp-block-button\"><button class=\"uagb-forms-main-submit-button wp-block-button__link\"><div class=\"uagb-forms-main-submit-button-text\">Envoyer<\/div><\/button><\/div><\/form><div class=\"uagb-forms-success-message-cde046f1 uagb-forms-submit-message-hide\"><span>Le formulaire a bien \u00e9t\u00e9 envoy\u00e9\u00a0!<\/span><\/div><div class=\"uagb-forms-failed-message-cde046f1 uagb-forms-submit-message-hide\"><span>Une erreur s\u2019est produite lors de l\u2019envoi du formulaire. Veuillez v\u00e9rifier \u00e0 nouveau tous les champs du formulaire.<\/span><\/div><\/div>\n","protected":false},"excerpt":{"rendered":"<p>Si vous pratiquez la photo num\u00e9rique et que vous souhaitez \u00e9changer, progresser avec d\u2019autres amateurs de la photo, vous pouvez nous contacter. Mairie, Avenue de la Lib\u00e9ration, 35580 Pl\u00e9lan-le-Grand Envoyez-nous un message<\/p>\n","protected":false},"author":8,"featured_media":0,"parent":0,"menu_order":0,"comment_status":"closed","ping_status":"closed","template":"","meta":{"_editorskit_title_hidden":false,"_editorskit_reading_time":1,"_editorskit_is_block_options_detached":false,"_editorskit_block_options_position":"{}","_uag_custom_page_level_css":"","footnotes":""},"class_list":["post-8","page","type-page","status-publish","hentry"],"uagb_featured_image_src":{"full":false,"thumbnail":false,"medium":false,"medium_large":false,"large":false,"1536x1536":false,"2048x2048":false},"uagb_author_info":{"display_name":"Club Photo De Broc\u00e9liande","author_link":"https:\/\/www.club-photo-broceliande.com\/index.php\/author\/clubphoto\/"},"uagb_comment_info":0,"uagb_excerpt":"Si vous pratiquez la photo num\u00e9rique et que vous souhaitez \u00e9changer, progresser avec d\u2019autres amateurs de la photo, vous pouvez nous contacter. Mairie, Avenue de la Lib\u00e9ration, 35580 Pl\u00e9lan-le-Grand Envoyez-nous un message","jetpack_sharing_enabled":false,"_links":{"self":[{"href":"https:\/\/www.club-photo-broceliande.com\/index.php\/wp-json\/wp\/v2\/pages\/8","targetHints":{"allow":["GET"]}}],"collection":[{"href":"https:\/\/www.club-photo-broceliande.com\/index.php\/wp-json\/wp\/v2\/pages"}],"about":[{"href":"https:\/\/www.club-photo-broceliande.com\/index.php\/wp-json\/wp\/v2\/types\/page"}],"author":[{"embeddable":true,"href":"https:\/\/www.club-photo-broceliande.com\/index.php\/wp-json\/wp\/v2\/users\/8"}],"replies":[{"embeddable":true,"href":"https:\/\/www.club-photo-broceliande.com\/index.php\/wp-json\/wp\/v2\/comments?post=8"}],"version-history":[{"count":4,"href":"https:\/\/www.club-photo-broceliande.com\/index.php\/wp-json\/wp\/v2\/pages\/8\/revisions"}],"predecessor-version":[{"id":1082,"href":"https:\/\/www.club-photo-broceliande.com\/index.php\/wp-json\/wp\/v2\/pages\/8\/revisions\/1082"}],"wp:attachment":[{"href":"https:\/\/www.club-photo-broceliande.com\/index.php\/wp-json\/wp\/v2\/media?parent=8"}],"curies":[{"name":"wp","href":"https:\/\/api.w.org\/{rel}","templated":true}]}}