{"id":7,"date":"2020-10-27T09:43:08","date_gmt":"2020-10-27T08:43:08","guid":{"rendered":"https:\/\/clubphotobroceliande261554338.wordpress.com\/?page_id=7"},"modified":"2023-10-21T10:34:16","modified_gmt":"2023-10-21T08:34:16","slug":"actualites","status":"publish","type":"page","link":"https:\/\/www.club-photo-broceliande.com\/index.php\/actualites\/","title":{"rendered":"Actualit\u00e9s"},"content":{"rendered":"\n<div class=\"wp-block-cover alignfull has-parallax is-style-default\" style=\"padding-top:0;padding-right:0;padding-bottom:0;padding-left:0\"><span aria-hidden=\"true\" class=\"wp-block-cover__background has-background-dim-20 has-background-dim\"><\/span><div role=\"img\" class=\"wp-block-cover__image-background wp-image-737 has-parallax\" style=\"background-position:50% 50%;background-image:url(https:\/\/www.club-photo-broceliande.com\/wp-content\/uploads\/2023\/01\/mars16-3.jpg)\"><\/div><div class=\"wp-block-cover__inner-container is-layout-flow wp-block-cover-is-layout-flow\">\n<p class=\"has-text-align-center has-large-font-size\"><\/p>\n<\/div><\/div>\n\n\n\n<h2 class=\"wp-block-heading\">Toutes les actualit\u00e9s<\/h2>\n\n\n\n<div class=\"wp-block-group is-nowrap is-layout-flex wp-container-core-group-is-layout-6c531013 wp-block-group-is-layout-flex\"><\/div>\n\n\n\n\t\t\t<div class=\"wp-block-uagb-post-grid uagb-post-grid  uagb-post__image-position-background uagb-post__image-enabled uagb-block-532d3408     uagb-post__items uagb-post__columns-1 is-grid uagb-post__columns-tablet-2 uagb-post__columns-mobile-1 uagb-post__equal-height\" data-total=\"1\" style=\"\">\n\n\t\t\t\t\t\t\t\t\t\t\t\t<article class=\"uagb-post__inner-wrap\">\t\t\t\t\t\t\t\t<h4 class=\"uagb-post__title uagb-post__text\">\n\t\t\t\t<a href=\"https:\/\/www.club-photo-broceliande.com\/index.php\/2026\/04\/05\/le-cpb-expose-a-la-villa-saint-joseph\/\" target=\"_self\" rel=\"bookmark noopener noreferrer\">Le CPB expose \u00e0 la Villa Saint Joseph<\/a>\n\t\t\t<\/h4>\n\t\t\t\t\t\t<div class='uagb-post__text uagb-post-grid-byline'>\n\t\t\t\t\t\t\t\t<time datetime=\"2026-04-05T10:41:44+02:00\" class=\"uagb-post__date\">\n\t\t\t\t<span class=\"dashicons-calendar dashicons\"><\/span>\t\t\t\t\t5 avril 2026\t\t\t\t<\/time>\n\t\t\t\t\t\t\t<span class=\"uagb-post__comment\">\n\t\t\t\t<span class=\"dashicons-admin-comments dashicons\"><\/span>\t\t\t\t\tAucun commentaire\t\t\t\t<\/span>\n\t\t\t\t\t\t<\/div>\n\t\t\t\t\t\t\t<div class='uagb-post__text uagb-post__excerpt'>\n\t\t\t\t\t<p>Le quotidien des personnels et b\u00e9n\u00e9voles<\/p>\n\t\t\t\t<\/div>\n\t\t\t\t\t\t<div class=\"uagb-post__text uagb-post__cta wp-block-button\">\n\t\t\t\t<a class=\"wp-block-button__link uagb-text-link\" style=\"\" href=\"https:\/\/www.club-photo-broceliande.com\/index.php\/2026\/04\/05\/le-cpb-expose-a-la-villa-saint-joseph\/\" target=\"_self\" rel=\"bookmark noopener noreferrer\">Lire la suite<\/a>\n\t\t\t<\/div>\n\t\t\t\t\t\t<div class='uagb-post__image'>\n\t\t\t\t\t\t\t\t\t<a href=\"https:\/\/www.club-photo-broceliande.com\/index.php\/2026\/04\/05\/le-cpb-expose-a-la-villa-saint-joseph\/\" target=\"_self\" rel=\"bookmark noopener noreferrer\"><img loading=\"lazy\" decoding=\"async\" width=\"1024\" height=\"683\" src=\"https:\/\/www.club-photo-broceliande.com\/wp-content\/uploads\/2026\/04\/U62A3621-Modifier-Modifier-pf-copie-1024x683.jpg\" class=\"attachment-large size-large\" alt=\"\" srcset=\"https:\/\/www.club-photo-broceliande.com\/wp-content\/uploads\/2026\/04\/U62A3621-Modifier-Modifier-pf-copie-1024x683.jpg 1024w, https:\/\/www.club-photo-broceliande.com\/wp-content\/uploads\/2026\/04\/U62A3621-Modifier-Modifier-pf-copie-300x200.jpg 300w, https:\/\/www.club-photo-broceliande.com\/wp-content\/uploads\/2026\/04\/U62A3621-Modifier-Modifier-pf-copie-768x512.jpg 768w, https:\/\/www.club-photo-broceliande.com\/wp-content\/uploads\/2026\/04\/U62A3621-Modifier-Modifier-pf-copie-1536x1024.jpg 1536w, https:\/\/www.club-photo-broceliande.com\/wp-content\/uploads\/2026\/04\/U62A3621-Modifier-Modifier-pf-copie.jpg 1620w\" sizes=\"auto, (max-width: 1024px) 100vw, 1024px\" \/>\t\t\t\t\t<\/a>\n\t\t\t\t\t\t\t\t\t<\/div>\n\t\t\t\n\t\t\t\t\t\t\t\t\t<\/article>\n\t\t\t\t\t\t\t\t\t\t\t\t\t\t\t\t<article class=\"uagb-post__inner-wrap\">\t\t\t\t\t\t\t\t<h4 class=\"uagb-post__title uagb-post__text\">\n\t\t\t\t<a href=\"https:\/\/www.club-photo-broceliande.com\/index.php\/2026\/03\/08\/3359\/\" target=\"_self\" rel=\"bookmark noopener noreferrer\"><\/a>\n\t\t\t<\/h4>\n\t\t\t\t\t\t<div class='uagb-post__text uagb-post-grid-byline'>\n\t\t\t\t\t\t\t\t<time datetime=\"2026-03-08T12:33:09+01:00\" class=\"uagb-post__date\">\n\t\t\t\t<span class=\"dashicons-calendar dashicons\"><\/span>\t\t\t\t\t8 mars 2026\t\t\t\t<\/time>\n\t\t\t\t\t\t\t<span class=\"uagb-post__comment\">\n\t\t\t\t<span class=\"dashicons-admin-comments dashicons\"><\/span>\t\t\t\t\tAucun commentaire\t\t\t\t<\/span>\n\t\t\t\t\t\t<\/div>\n\t\t\t\t\t\t\t<div class='uagb-post__text uagb-post__excerpt'>\n\t\t\t\t\t\t\t\t\t<\/div>\n\t\t\t\t\t\t<div class=\"uagb-post__text uagb-post__cta wp-block-button\">\n\t\t\t\t<a class=\"wp-block-button__link uagb-text-link\" style=\"\" href=\"https:\/\/www.club-photo-broceliande.com\/index.php\/2026\/03\/08\/3359\/\" target=\"_self\" rel=\"bookmark noopener noreferrer\">Lire la suite<\/a>\n\t\t\t<\/div>\n\t\t\t\t\t\t<div class='uagb-post__image'>\n\t\t\t\t\t\t\t\t\t<a href=\"https:\/\/www.club-photo-broceliande.com\/index.php\/2026\/03\/08\/3359\/\" target=\"_self\" rel=\"bookmark noopener noreferrer\"><img loading=\"lazy\" decoding=\"async\" width=\"1024\" height=\"427\" src=\"https:\/\/www.club-photo-broceliande.com\/wp-content\/uploads\/2026\/03\/Avis-de-concours_-1024x427.jpg\" class=\"attachment-large size-large\" alt=\"\" srcset=\"https:\/\/www.club-photo-broceliande.com\/wp-content\/uploads\/2026\/03\/Avis-de-concours_-1024x427.jpg 1024w, https:\/\/www.club-photo-broceliande.com\/wp-content\/uploads\/2026\/03\/Avis-de-concours_-300x125.jpg 300w, https:\/\/www.club-photo-broceliande.com\/wp-content\/uploads\/2026\/03\/Avis-de-concours_-768x320.jpg 768w, https:\/\/www.club-photo-broceliande.com\/wp-content\/uploads\/2026\/03\/Avis-de-concours_.jpg 1200w\" sizes=\"auto, (max-width: 1024px) 100vw, 1024px\" \/>\t\t\t\t\t<\/a>\n\t\t\t\t\t\t\t\t\t<\/div>\n\t\t\t\n\t\t\t\t\t\t\t\t\t<\/article>\n\t\t\t\t\t\t\t\t\t\t\t\t\t\t\t\t<article class=\"uagb-post__inner-wrap\">\t\t\t\t\t\t\t\t<h4 class=\"uagb-post__title uagb-post__text\">\n\t\t\t\t<a href=\"https:\/\/www.club-photo-broceliande.com\/index.php\/2026\/03\/08\/le-club-expose\/\" target=\"_self\" rel=\"bookmark noopener noreferrer\">Le Club expose<\/a>\n\t\t\t<\/h4>\n\t\t\t\t\t\t<div class='uagb-post__text uagb-post-grid-byline'>\n\t\t\t\t\t\t\t\t<time datetime=\"2026-03-08T11:56:06+01:00\" class=\"uagb-post__date\">\n\t\t\t\t<span class=\"dashicons-calendar dashicons\"><\/span>\t\t\t\t\t8 mars 2026\t\t\t\t<\/time>\n\t\t\t\t\t\t\t<span class=\"uagb-post__comment\">\n\t\t\t\t<span class=\"dashicons-admin-comments dashicons\"><\/span>\t\t\t\t\tAucun commentaire\t\t\t\t<\/span>\n\t\t\t\t\t\t<\/div>\n\t\t\t\t\t\t\t<div class='uagb-post__text uagb-post__excerpt'>\n\t\t\t\t\t<p>A partir du 11 mars \u00e0 17 heures dans la salle du Br\u00e9cilien \u00e0 Paimpont&#8230;\t\t\t\t<\/div>\n\t\t\t\t\t\t<div class=\"uagb-post__text uagb-post__cta wp-block-button\">\n\t\t\t\t<a class=\"wp-block-button__link uagb-text-link\" style=\"\" href=\"https:\/\/www.club-photo-broceliande.com\/index.php\/2026\/03\/08\/le-club-expose\/\" target=\"_self\" rel=\"bookmark noopener noreferrer\">Lire la suite<\/a>\n\t\t\t<\/div>\n\t\t\t\t\t\t<div class='uagb-post__image'>\n\t\t\t\t\t\t\t\t\t<a href=\"https:\/\/www.club-photo-broceliande.com\/index.php\/2026\/03\/08\/le-club-expose\/\" target=\"_self\" rel=\"bookmark noopener noreferrer\"><img loading=\"lazy\" decoding=\"async\" width=\"480\" height=\"480\" src=\"https:\/\/www.club-photo-broceliande.com\/wp-content\/uploads\/2026\/03\/coquelicot_cr.jpg\" class=\"attachment-large size-large\" alt=\"\" srcset=\"https:\/\/www.club-photo-broceliande.com\/wp-content\/uploads\/2026\/03\/coquelicot_cr.jpg 480w, https:\/\/www.club-photo-broceliande.com\/wp-content\/uploads\/2026\/03\/coquelicot_cr-300x300.jpg 300w, https:\/\/www.club-photo-broceliande.com\/wp-content\/uploads\/2026\/03\/coquelicot_cr-150x150.jpg 150w\" sizes=\"auto, (max-width: 480px) 100vw, 480px\" \/>\t\t\t\t\t<\/a>\n\t\t\t\t\t\t\t\t\t<\/div>\n\t\t\t\n\t\t\t\t\t\t\t\t\t<\/article>\n\t\t\t\t\t\t\t\t\t\t\t<\/div>\n\t\t\t\n\n\n<hr class=\"wp-block-separator has-css-opacity is-style-wide\"\/>\n\n\n\n<h3 class=\"wp-block-heading has-text-align-left\">Abonnez-vous \u00e0 nos actualit\u00e9s<\/h3>\n\n\n\n<p class=\"has-text-align-left\">Recevez directement le nouveau contenu dans votre bo\u00eete de r\u00e9ception.<\/p>\n\n\n<div class=\"wp-block-jetpack-contact-form is-layout-flex wp-container-jetpack-contact-form-is-layout-b7ed9015 wp-block-jetpack-contact-form-is-layout-flex\"><a href=\"https:\/\/www.club-photo-broceliande.com\/index.php\/actualites\/\" target=\"_blank\" rel=\"noopener noreferrer\">Soumettre un formulaire.<\/a><\/div>","protected":false},"excerpt":{"rendered":"<p>Toutes les actualit\u00e9s Abonnez-vous \u00e0 nos actualit\u00e9s Recevez directement le nouveau contenu dans votre bo\u00eete de r\u00e9ception.<\/p>\n","protected":false},"author":1,"featured_media":1569,"parent":0,"menu_order":0,"comment_status":"closed","ping_status":"closed","template":"","meta":{"_editorskit_title_hidden":false,"_editorskit_reading_time":1,"_editorskit_is_block_options_detached":false,"_editorskit_block_options_position":"{}","_uag_custom_page_level_css":"","footnotes":""},"class_list":["post-7","page","type-page","status-publish","has-post-thumbnail","hentry"],"uagb_featured_image_src":{"full":["https:\/\/www.club-photo-broceliande.com\/wp-content\/uploads\/2023\/07\/R.jpg",1616,1080,false],"thumbnail":["https:\/\/www.club-photo-broceliande.com\/wp-content\/uploads\/2023\/07\/R-150x150.jpg",150,150,true],"medium":["https:\/\/www.club-photo-broceliande.com\/wp-content\/uploads\/2023\/07\/R-300x200.jpg",300,200,true],"medium_large":["https:\/\/www.club-photo-broceliande.com\/wp-content\/uploads\/2023\/07\/R-768x513.jpg",768,513,true],"large":["https:\/\/www.club-photo-broceliande.com\/wp-content\/uploads\/2023\/07\/R-1024x684.jpg",1024,684,true],"1536x1536":["https:\/\/www.club-photo-broceliande.com\/wp-content\/uploads\/2023\/07\/R-1536x1027.jpg",1536,1027,true],"2048x2048":["https:\/\/www.club-photo-broceliande.com\/wp-content\/uploads\/2023\/07\/R.jpg",1616,1080,false]},"uagb_author_info":{"display_name":"Admin","author_link":"https:\/\/www.club-photo-broceliande.com\/index.php\/author\/admin\/"},"uagb_comment_info":0,"uagb_excerpt":"Toutes les actualit\u00e9s Abonnez-vous \u00e0 nos actualit\u00e9s Recevez directement le nouveau contenu dans votre bo\u00eete de r\u00e9ception.","jetpack_sharing_enabled":false,"_links":{"self":[{"href":"https:\/\/www.club-photo-broceliande.com\/index.php\/wp-json\/wp\/v2\/pages\/7","targetHints":{"allow":["GET"]}}],"collection":[{"href":"https:\/\/www.club-photo-broceliande.com\/index.php\/wp-json\/wp\/v2\/pages"}],"about":[{"href":"https:\/\/www.club-photo-broceliande.com\/index.php\/wp-json\/wp\/v2\/types\/page"}],"author":[{"embeddable":true,"href":"https:\/\/www.club-photo-broceliande.com\/index.php\/wp-json\/wp\/v2\/users\/1"}],"replies":[{"embeddable":true,"href":"https:\/\/www.club-photo-broceliande.com\/index.php\/wp-json\/wp\/v2\/comments?post=7"}],"version-history":[{"count":16,"href":"https:\/\/www.club-photo-broceliande.com\/index.php\/wp-json\/wp\/v2\/pages\/7\/revisions"}],"predecessor-version":[{"id":1705,"href":"https:\/\/www.club-photo-broceliande.com\/index.php\/wp-json\/wp\/v2\/pages\/7\/revisions\/1705"}],"wp:featuredmedia":[{"embeddable":true,"href":"https:\/\/www.club-photo-broceliande.com\/index.php\/wp-json\/wp\/v2\/media\/1569"}],"wp:attachment":[{"href":"https:\/\/www.club-photo-broceliande.com\/index.php\/wp-json\/wp\/v2\/media?parent=7"}],"curies":[{"name":"wp","href":"https:\/\/api.w.org\/{rel}","templated":true}]}}